{"id":2459,"date":"2025-07-07T16:45:41","date_gmt":"2025-07-07T16:45:41","guid":{"rendered":"https:\/\/www.unirdistancias.pt\/?page_id=2459"},"modified":"2025-12-17T16:36:14","modified_gmt":"2025-12-17T16:36:14","slug":"termos-e-condicoes","status":"publish","type":"page","link":"https:\/\/www.unirdistancias.pt\/en\/termos-e-condicoes\/","title":{"rendered":"Politica de Termos e Condi\u00e7\u00f5es"},"content":{"rendered":"<div data-elementor-type=\"wp-page\" data-elementor-id=\"2459\" class=\"elementor elementor-2459\" data-elementor-post-type=\"page\">\n\t\t\t\t<div class=\"elementor-element elementor-element-4d595fee e-flex e-con-boxed e-con e-parent\" data-id=\"4d595fee\" data-element_type=\"container\" data-e-type=\"container\" data-settings=\"{&quot;background_background&quot;:&quot;classic&quot;}\">\n\t\t\t\t\t<div class=\"e-con-inner\">\n\t\t<div class=\"elementor-element elementor-element-3c3f2fa0 e-con-full e-flex e-con e-child\" data-id=\"3c3f2fa0\" data-element_type=\"container\" data-e-type=\"container\">\n\t\t\t\t<div class=\"elementor-element elementor-element-7f952c76 animated-slow elementor-invisible elementor-widget elementor-widget-heading\" data-id=\"7f952c76\" data-element_type=\"widget\" data-e-type=\"widget\" data-settings=\"{&quot;_animation_delay&quot;:200,&quot;_animation&quot;:&quot;slideInUp&quot;}\" data-widget_type=\"heading.default\">\n\t\t\t\t<div class=\"elementor-widget-container\">\n\t\t\t\t\t<h2 class=\"elementor-heading-title elementor-size-default\">Terms and Conditions Policy<\/h2>\t\t\t\t<\/div>\n\t\t\t\t<\/div>\n\t\t\t\t<\/div>\n\t\t\t\t\t<\/div>\n\t\t\t\t<\/div>\n\t\t<div class=\"elementor-element elementor-element-694fd681 e-flex e-con-boxed e-con e-parent\" data-id=\"694fd681\" data-element_type=\"container\" data-e-type=\"container\">\n\t\t\t\t\t<div class=\"e-con-inner\">\n\t\t\t\t<div class=\"elementor-element elementor-element-48ebd486 elementor-widget elementor-widget-spacer\" data-id=\"48ebd486\" data-element_type=\"widget\" data-e-type=\"widget\" data-widget_type=\"spacer.default\">\n\t\t\t\t<div class=\"elementor-widget-container\">\n\t\t\t\t\t\t\t<div class=\"elementor-spacer\">\n\t\t\t<div class=\"elementor-spacer-inner\"><\/div>\n\t\t<\/div>\n\t\t\t\t\t\t<\/div>\n\t\t\t\t<\/div>\n\t\t\t\t\t<\/div>\n\t\t\t\t<\/div>\n\t\t<div class=\"elementor-element elementor-element-c60f69c e-flex e-con-boxed e-con e-parent\" data-id=\"c60f69c\" data-element_type=\"container\" data-e-type=\"container\">\n\t\t\t\t\t<div class=\"e-con-inner\">\n\t\t\t\t<div class=\"elementor-element elementor-element-56cd3b8 elementor-widget elementor-widget-text-editor\" data-id=\"56cd3b8\" data-element_type=\"widget\" data-e-type=\"widget\" data-widget_type=\"text-editor.default\">\n\t\t\t\t<div class=\"elementor-widget-container\">\n\t\t\t\t\t\t\t\t\t<h2 style=\"text-align: center;\"><span style=\"color: #2349a1;\">These Terms and Conditions govern the provision of residential and commercial moving services by Unir Dist\u00e2ncias<\/span><\/h2>\n<h2 style=\"text-align: center;\"><span style=\"color: #2349a1;\">By using our services, the customer agrees to the following terms and conditions<\/span><\/h2><br>\n<h1><span style=\"color: #2349a1;\">Duration of Services<\/span><\/h1>\n<span style=\"color: #005daa;\">All services have a mandatory minimum of 3 hours, with the amount charged on an hourly basis. Half-hour charges are not applied.<\/span>\n<h1><span style=\"color: #2349a1;\">Fees and Taxes<\/span><\/h1>\n<span style=\"color: #005daa;\">The agreed and advertised amounts are subject to the addition of VAT at the legal rate in force.<\/span>\n<h1><span style=\"color: #2349a1;\">Quotes<\/span><\/h1>\n<span style=\"color: #005daa;\">Quotes are based on estimates and may be subject to changes that result in an increase\/decrease in the service time provided.<\/span>\n<h1><span style=\"color: #2349a1;\">Delays and Unusual Situations<\/span><\/h1>\n<span style=\"color: #005daa;\">Scheduled times may be delayed due to unusual situations such as accidents, breakdowns, traffic, etc.<\/span>\n<h1><span style=\"color: #2349a1;\">Parking and Tolls<\/span><\/h1>\n<span style=\"color: #005daa;\">The responsibility for paying the parking fees related to our vehicles during the service lies with the customer. Tolls related to travel to the location and during the service will be charged to the customer.<\/span>\n<h1><span style=\"color: #2349a1;\">Travel Charge<\/span><\/h1>\n<span style=\"color: #005daa;\">All moves will have an additional 1 to 2 hours for travel to and\/or from the location when the distance from our company headquarters exceeds 30 km.<\/span>\n<h1><span style=\"color: #2349a1;\">Mileage Calculation<\/span><\/h1>\n<span style=\"color: #005daa;\">In long-distance moves, the calculation is made per km. This calculation is carried out from the company's headquarters (outward + return).<\/span>\n<span style=\"color: #005daa;\">Whenever a long-distance moving service exceeds 100 km between one point and another, the hourly rate is charged simultaneously with the km rate.<\/span>\n<h1><span style=\"color: #2349a1;\">Tamanho de Viaturas <\/span><\/h1>\n<span style=\"color: #005daa;\">Todas as viaturas s\u00e3o ligeiras e t\u00eam 24 m3 de contentor.<\/span>\n\nN\u00e3o possu\u00edmos ve\u00edculos pesados.\n<h1><span style=\"color: #005daa;\">\u00a0<\/span><span style=\"color: #2349a1;\">Prote\u00e7\u00e3o de M\u00f3veis<\/span><\/h1>\nA responsabilidade sobre quaisquer danos ocorridos durante o processo de mudan\u00e7a recai &#8211; inteiramente &#8211; sobre o cliente, a partir momento em que o mesmo se nega a utilizar material de embalamento.\n<h1><span style=\"color: #2349a1;\">Handling Insurance<\/span><\/h1>\n<span style=\"color: #005daa;\">Unir Dist\u00e2ncias does not have handling insurance. It is recommended that the customer takes out insurance if deemed necessary.<\/span>\n<h1><span style=\"color: #2349a1;\">Hourly Rate Increase<\/span><\/h1>\n<span style=\"color: #005daa;\">On weekdays and Saturdays, the hourly service rate increases by \u20ac20.00\/hour from 5:00 p.m. On Sundays, the hourly service rate increases by \u20ac20.00\/hour from 1:00 p.m.<\/span>\n<h1><span style=\"color: #2349a1;\">Payment<\/span><\/h1>\n<span style=\"color: #005daa;\">Payment is made at the end of the service and can be in cash, by debit card (TPA Multibanco), or by instant bank transfer (with proof of transfer). Advance payment may be requested, depending on the specifics of the move.<\/span>\t\t\t\t\t\t\t\t<\/div>\n\t\t\t\t<\/div>\n\t\t\t\t\t<\/div>\n\t\t\t\t<\/div>\n\t\t<div class=\"elementor-element elementor-element-42bb93e e-flex e-con-boxed e-con e-parent\" data-id=\"42bb93e\" data-element_type=\"container\" data-e-type=\"container\">\n\t\t\t\t\t<div class=\"e-con-inner\">\n\t\t\t\t<div class=\"elementor-element elementor-element-0132b6f elementor-widget elementor-widget-spacer\" data-id=\"0132b6f\" data-element_type=\"widget\" data-e-type=\"widget\" data-widget_type=\"spacer.default\">\n\t\t\t\t<div class=\"elementor-widget-container\">\n\t\t\t\t\t\t\t<div class=\"elementor-spacer\">\n\t\t\t<div class=\"elementor-spacer-inner\"><\/div>\n\t\t<\/div>\n\t\t\t\t\t\t<\/div>\n\t\t\t\t<\/div>\n\t\t\t\t\t<\/div>\n\t\t\t\t<\/div>\n\t\t\t\t<\/div>","protected":false},"excerpt":{"rendered":"<p>Pol\u00edtica de Termos e Condi\u00e7\u00f5es Estes Termos e Condi\u00e7\u00f5es regem a presta\u00e7\u00e3o de mudan\u00e7as residenciais e comerciais, pela Unir Dist\u00e2ncias Ao utilizar os nossos servi\u00e7os, o cliente concorda com os seguintes termos e condi\u00e7\u00f5es Dura\u00e7\u00e3o dos Servi\u00e7os Todos os servi\u00e7os t\u00eam um m\u00ednimo de 3 horas obrigat\u00f3rio, sendo o valor cobrado hora a hora. N\u00e3o [&hellip;]<\/p>\n","protected":false},"author":2,"featured_media":0,"parent":0,"menu_order":0,"comment_status":"closed","ping_status":"closed","template":"elementor_header_footer","meta":{"footnotes":""},"class_list":["post-2459","page","type-page","status-publish","hentry"],"yoast_head":"<!-- This site is optimized with the Yoast SEO plugin v27.1.1 - https:\/\/yoast.com\/product\/yoast-seo-wordpress\/ -->\n<title>Politica de Termos e Condi\u00e7\u00f5es - Unir Dist\u00e2ncias | Mudan\u00e7as &amp; Self-Storage<\/title>\n<meta name=\"robots\" content=\"noindex, nofollow\" \/>\n<meta property=\"og:locale\" content=\"en_GB\" \/>\n<meta property=\"og:type\" content=\"article\" \/>\n<meta property=\"og:title\" content=\"Politica de Termos e Condi\u00e7\u00f5es - Unir Dist\u00e2ncias | Mudan\u00e7as &amp; Self-Storage\" \/>\n<meta property=\"og:description\" content=\"Pol\u00edtica de Termos e Condi\u00e7\u00f5es Estes Termos e Condi\u00e7\u00f5es regem a presta\u00e7\u00e3o de mudan\u00e7as residenciais e comerciais, pela Unir Dist\u00e2ncias Ao utilizar os nossos servi\u00e7os, o cliente concorda com os seguintes termos e condi\u00e7\u00f5es Dura\u00e7\u00e3o dos Servi\u00e7os Todos os servi\u00e7os t\u00eam um m\u00ednimo de 3 horas obrigat\u00f3rio, sendo o valor cobrado hora a hora. N\u00e3o [&hellip;]\" \/>\n<meta property=\"og:url\" content=\"https:\/\/www.unirdistancias.pt\/en\/termos-e-condicoes\/\" \/>\n<meta property=\"og:site_name\" content=\"Unir Dist\u00e2ncias | Mudan\u00e7as &amp; Self-Storage\" \/>\n<meta property=\"article:modified_time\" content=\"2025-12-17T16:36:14+00:00\" \/>\n<meta name=\"twitter:card\" content=\"summary_large_image\" \/>\n<meta name=\"twitter:label1\" content=\"Estimated reading time\" \/>\n\t<meta name=\"twitter:data1\" content=\"3 minutes\" \/>\n<script type=\"application\/ld+json\" class=\"yoast-schema-graph\">{\"@context\":\"https:\/\/schema.org\",\"@graph\":[{\"@type\":\"WebPage\",\"@id\":\"https:\/\/www.unirdistancias.pt\/termos-e-condicoes\/\",\"url\":\"https:\/\/www.unirdistancias.pt\/termos-e-condicoes\/\",\"name\":\"Politica de Termos e Condi\u00e7\u00f5es - Unir Dist\u00e2ncias | Mudan\u00e7as &amp; Self-Storage\",\"isPartOf\":{\"@id\":\"https:\/\/www.unirdistancias.pt\/#website\"},\"datePublished\":\"2025-07-07T16:45:41+00:00\",\"dateModified\":\"2025-12-17T16:36:14+00:00\",\"breadcrumb\":{\"@id\":\"https:\/\/www.unirdistancias.pt\/termos-e-condicoes\/#breadcrumb\"},\"inLanguage\":\"en-GB\",\"potentialAction\":[{\"@type\":\"ReadAction\",\"target\":[\"https:\/\/www.unirdistancias.pt\/termos-e-condicoes\/\"]}]},{\"@type\":\"BreadcrumbList\",\"@id\":\"https:\/\/www.unirdistancias.pt\/termos-e-condicoes\/#breadcrumb\",\"itemListElement\":[{\"@type\":\"ListItem\",\"position\":1,\"name\":\"In\u00edcio\",\"item\":\"https:\/\/www.unirdistancias.pt\/\"},{\"@type\":\"ListItem\",\"position\":2,\"name\":\"Politica de Termos e Condi\u00e7\u00f5es\"}]},{\"@type\":\"WebSite\",\"@id\":\"https:\/\/www.unirdistancias.pt\/#website\",\"url\":\"https:\/\/www.unirdistancias.pt\/\",\"name\":\"Unir Dist\u00e2ncias | Mudan\u00e7as &amp; Self-Storage\",\"description\":\"Grupo Unir Dist\u00e2ncias\",\"publisher\":{\"@id\":\"https:\/\/www.unirdistancias.pt\/#organization\"},\"potentialAction\":[{\"@type\":\"SearchAction\",\"target\":{\"@type\":\"EntryPoint\",\"urlTemplate\":\"https:\/\/www.unirdistancias.pt\/?s={search_term_string}\"},\"query-input\":{\"@type\":\"PropertyValueSpecification\",\"valueRequired\":true,\"valueName\":\"search_term_string\"}}],\"inLanguage\":\"en-GB\"},{\"@type\":\"Organization\",\"@id\":\"https:\/\/www.unirdistancias.pt\/#organization\",\"name\":\"Unir Dist\u00e2ncias | Mudan\u00e7as &amp; Self-Storage\",\"url\":\"https:\/\/www.unirdistancias.pt\/\",\"logo\":{\"@type\":\"ImageObject\",\"inLanguage\":\"en-GB\",\"@id\":\"https:\/\/www.unirdistancias.pt\/#\/schema\/logo\/image\/\",\"url\":\"https:\/\/www.unirdistancias.pt\/wp-content\/uploads\/2025\/06\/cropped-Logo-Unirdistancias-Azul-scaled-1.png\",\"contentUrl\":\"https:\/\/www.unirdistancias.pt\/wp-content\/uploads\/2025\/06\/cropped-Logo-Unirdistancias-Azul-scaled-1.png\",\"width\":2559,\"height\":666,\"caption\":\"Unir Dist\u00e2ncias | Mudan\u00e7as &amp; Self-Storage\"},\"image\":{\"@id\":\"https:\/\/www.unirdistancias.pt\/#\/schema\/logo\/image\/\"}}]}<\/script>\n<!-- \/ Yoast SEO plugin. -->","yoast_head_json":{"title":"Politica de Termos e Condi\u00e7\u00f5es - Unir Dist\u00e2ncias | Mudan\u00e7as &amp; Self-Storage","robots":{"index":"noindex","follow":"nofollow"},"og_locale":"en_GB","og_type":"article","og_title":"Politica de Termos e Condi\u00e7\u00f5es - Unir Dist\u00e2ncias | Mudan\u00e7as &amp; Self-Storage","og_description":"Pol\u00edtica de Termos e Condi\u00e7\u00f5es Estes Termos e Condi\u00e7\u00f5es regem a presta\u00e7\u00e3o de mudan\u00e7as residenciais e comerciais, pela Unir Dist\u00e2ncias Ao utilizar os nossos servi\u00e7os, o cliente concorda com os seguintes termos e condi\u00e7\u00f5es Dura\u00e7\u00e3o dos Servi\u00e7os Todos os servi\u00e7os t\u00eam um m\u00ednimo de 3 horas obrigat\u00f3rio, sendo o valor cobrado hora a hora. N\u00e3o [&hellip;]","og_url":"https:\/\/www.unirdistancias.pt\/en\/termos-e-condicoes\/","og_site_name":"Unir Dist\u00e2ncias | Mudan\u00e7as &amp; Self-Storage","article_modified_time":"2025-12-17T16:36:14+00:00","twitter_card":"summary_large_image","twitter_misc":{"Estimated reading time":"3 minutes"},"schema":{"@context":"https:\/\/schema.org","@graph":[{"@type":"WebPage","@id":"https:\/\/www.unirdistancias.pt\/termos-e-condicoes\/","url":"https:\/\/www.unirdistancias.pt\/termos-e-condicoes\/","name":"Politica de Termos e Condi\u00e7\u00f5es - Unir Dist\u00e2ncias | Mudan\u00e7as &amp; Self-Storage","isPartOf":{"@id":"https:\/\/www.unirdistancias.pt\/#website"},"datePublished":"2025-07-07T16:45:41+00:00","dateModified":"2025-12-17T16:36:14+00:00","breadcrumb":{"@id":"https:\/\/www.unirdistancias.pt\/termos-e-condicoes\/#breadcrumb"},"inLanguage":"en-GB","potentialAction":[{"@type":"ReadAction","target":["https:\/\/www.unirdistancias.pt\/termos-e-condicoes\/"]}]},{"@type":"BreadcrumbList","@id":"https:\/\/www.unirdistancias.pt\/termos-e-condicoes\/#breadcrumb","itemListElement":[{"@type":"ListItem","position":1,"name":"In\u00edcio","item":"https:\/\/www.unirdistancias.pt\/"},{"@type":"ListItem","position":2,"name":"Politica de Termos e Condi\u00e7\u00f5es"}]},{"@type":"WebSite","@id":"https:\/\/www.unirdistancias.pt\/#website","url":"https:\/\/www.unirdistancias.pt\/","name":"Unir Dist\u00e2ncias | Mudan\u00e7as &amp; Self-Storage","description":"Group Unir Dist\u00e2ncias","publisher":{"@id":"https:\/\/www.unirdistancias.pt\/#organization"},"potentialAction":[{"@type":"SearchAction","target":{"@type":"EntryPoint","urlTemplate":"https:\/\/www.unirdistancias.pt\/?s={search_term_string}"},"query-input":{"@type":"PropertyValueSpecification","valueRequired":true,"valueName":"search_term_string"}}],"inLanguage":"en-GB"},{"@type":"Organization","@id":"https:\/\/www.unirdistancias.pt\/#organization","name":"Unir Dist\u00e2ncias | Mudan\u00e7as &amp; Self-Storage","url":"https:\/\/www.unirdistancias.pt\/","logo":{"@type":"ImageObject","inLanguage":"en-GB","@id":"https:\/\/www.unirdistancias.pt\/#\/schema\/logo\/image\/","url":"https:\/\/www.unirdistancias.pt\/wp-content\/uploads\/2025\/06\/cropped-Logo-Unirdistancias-Azul-scaled-1.png","contentUrl":"https:\/\/www.unirdistancias.pt\/wp-content\/uploads\/2025\/06\/cropped-Logo-Unirdistancias-Azul-scaled-1.png","width":2559,"height":666,"caption":"Unir Dist\u00e2ncias | Mudan\u00e7as &amp; Self-Storage"},"image":{"@id":"https:\/\/www.unirdistancias.pt\/#\/schema\/logo\/image\/"}}]}},"_links":{"self":[{"href":"https:\/\/www.unirdistancias.pt\/en\/wp-json\/wp\/v2\/pages\/2459","targetHints":{"allow":["GET"]}}],"collection":[{"href":"https:\/\/www.unirdistancias.pt\/en\/wp-json\/wp\/v2\/pages"}],"about":[{"href":"https:\/\/www.unirdistancias.pt\/en\/wp-json\/wp\/v2\/types\/page"}],"author":[{"embeddable":true,"href":"https:\/\/www.unirdistancias.pt\/en\/wp-json\/wp\/v2\/users\/2"}],"replies":[{"embeddable":true,"href":"https:\/\/www.unirdistancias.pt\/en\/wp-json\/wp\/v2\/comments?post=2459"}],"version-history":[{"count":39,"href":"https:\/\/www.unirdistancias.pt\/en\/wp-json\/wp\/v2\/pages\/2459\/revisions"}],"predecessor-version":[{"id":4669,"href":"https:\/\/www.unirdistancias.pt\/en\/wp-json\/wp\/v2\/pages\/2459\/revisions\/4669"}],"wp:attachment":[{"href":"https:\/\/www.unirdistancias.pt\/en\/wp-json\/wp\/v2\/media?parent=2459"}],"curies":[{"name":"wp","href":"https:\/\/api.w.org\/{rel}","templated":true}]}}